{"id":27257639,"date":"2021-05-04T14:09:14","date_gmt":"2021-05-04T14:09:14","guid":{"rendered":"https:\/\/redcachalot.com\/blog\/"},"modified":"2025-07-28T18:47:21","modified_gmt":"2025-07-28T18:47:21","slug":"blog","status":"publish","type":"page","link":"https:\/\/redcachalot.com\/pl\/blog\/","title":{"rendered":"Blog"},"content":{"rendered":"<p>[et_pb_section fb_built=\"1&#8243; _builder_version=\"4.27.4&#8243; _module_preset=\"default\" background_enable_color=\"off\" use_background_color_gradient=\"on\" background_color_gradient_direction=\"260deg\" background_color_gradient_stops=\"rgba(165,126,92,0.47) 0%|rgba(166,3,33,0.21) 100%\" background_color_gradient_overlays_image=\"on\" background_image=\"https:\/\/redcachalot.com\/wp-content\/uploads\/2025\/06\/Blog_header_opt.webp\" custom_padding=\"160px||160px|||\" filter_saturate=\"80%\" scroll_vertical_motion=\"0|70|70|100|0|0|-1&#8243; global_colors_info=\"{}\"][et_pb_row _builder_version=\"4.16&#8243; _module_preset=\"default\" scroll_vertical_motion_enable=\"on\" scroll_vertical_motion=\"0|75|75|95|0|0|-0.5&#8243; scroll_fade_enable=\"on\" scroll_fade=\"0|75|75|95|100%|100|0%\" global_colors_info=\"{}\"][et_pb_column type=\"4_4&#8243; _builder_version=\"4.16&#8243; _module_preset=\"default\" global_colors_info=\"{}\"][et_pb_text _builder_version=\"4.27.4&#8243; _module_preset=\"default\" text_font=\"Agency|||on|||||\" text_text_color=\"#FFFFFF\" text_font_size=\"24px\" text_letter_spacing=\"1px\" custom_margin=\"||10px||false|false\" custom_padding=\"||||false|false\" text_font_size_tablet=\"20px\" text_font_size_phone=\"18px\" text_font_size_last_edited=\"on|phone\" global_colors_info=\"{}\"]<\/p>\n<p>Blog<\/p>\n<p>[\/et_pb_text][et_pb_text _builder_version=\"4.27.4&#8243; _module_preset=\"default\" text_font=\"Agency|700|||||||\" text_text_color=\"#FFFFFF\" text_font_size=\"56px\" text_line_height=\"1.1em\" max_width=\"972px\" custom_margin=\"20px||30px||false|false\" text_font_size_tablet=\"44px\" text_font_size_phone=\"30px\" text_font_size_last_edited=\"on|phone\" global_colors_info=\"{}\"]<\/p>\n<p>CTRL+ALT+CREATE<\/p>\n<p>[\/et_pb_text][dipi_breadcrumbs bc_separator_icon=\"&#x35;||divi||400&#8243; bc_separator_color=\"#FFFFFF\" bc_separator_space=\"0px\" bc_item_bg_color=\"rgba(255,255,255,0.1)\" bc_item_padding=\"5px|20px|5px|20px|false|false\" bc_active_item_color=\"rgba(255,255,255,0.1)\" bc_active_item_padding=\"5px|20px|5px|20px|false|false\" bc_hover_item_bg_color=\"#FFFFFF\" _builder_version=\"4.27.4&#8243; _module_preset=\"default\" items_font=\"Agency|300|||||||\" items_text_color=\"#FFFFFF\" items_font_size=\"14px\" hover_text_color=\"#25222E\" active_font=\"|300|||||||\" border_radii_items=\"on|20px|20px|20px|20px\" border_radii_active=\"on|20px|20px|20px|20px\" global_colors_info=\"{}\"][\/dipi_breadcrumbs][\/et_pb_column][\/et_pb_row][\/et_pb_section][et_pb_section fb_built=\"1&#8243; _builder_version=\"4.27.4&#8243; _module_preset=\"default\" background_color=\"#F9F9FE\" background_enable_image=\"off\" global_colors_info=\"{}\"][et_pb_row use_custom_gutter=\"on\" gutter_width=\"2&#8243; _builder_version=\"4.16&#8243; _module_preset=\"default\" global_colors_info=\"{}\"][et_pb_column type=\"4_4&#8243; _builder_version=\"4.16&#8243; _module_preset=\"default\" global_colors_info=\"{}\"][et_pb_blog fullwidth=\"off\" posts_number=\"6&#8243; include_categories=\"all\" show_more=\"on\" show_author=\"off\" show_excerpt=\"off\" use_overlay=\"on\" overlay_icon_color=\"RGBA(0,0,0,0)\" hover_overlay_color=\"rgba(37,34,46,0.22)\" hover_icon=\"&#xe02b;||divi||400&#8243; masonry_tile_background_color=\"#FFFFFF\" module_class=\"dp_blog_grid\" _builder_version=\"4.27.4&#8243; _module_preset=\"default\" header_text_color=\"#25222E\" header_font_size=\"26px\" meta_font=\"Poppins|||on|||||\" meta_text_color=\"#25222E\" meta_font_size=\"12px\" meta_letter_spacing=\"1px\" read_more_font=\"Poppins|600||on|||||\" read_more_text_color=\"#25222E\" read_more_font_size=\"12px\" read_more_letter_spacing=\"2px\" background_color=\"RGBA(0,0,0,0)\" custom_padding=\"||||false|false\" header_font_size_tablet=\"20px\" header_font_size_phone=\"18px\" header_font_size_last_edited=\"on|tablet\" custom_css_title=\"padding-bottom: 5px !important;\" custom_css_post_meta=\"margin-bottom: 20px !important;\" custom_css_read_more=\"border: solid 1px;||padding: 5px 15px;||border-radius: 40px;||display: inline-block;||margin-bottom: 10px;||transition: all .3s ease-in-out;\" border_radii=\"on|10px|10px|10px|10px\" border_width_all=\"0px\" box_shadow_style=\"preset1&#8243; box_shadow_color=\"rgba(129,111,210,0.11)\" global_colors_info=\"{}\" custom_css_read_more_last_edited=\"off|desktop\" custom_css_read_more__hover_enabled=\"on|hover\" custom_css_read_more__hover=\"padding: 5px 15px;||transform:scale(1.05);||transition: all .3s ease-in-out;\"][\/et_pb_blog][\/et_pb_column][\/et_pb_row][\/et_pb_section]<\/p>\n","protected":false},"excerpt":{"rendered":"<p>Otrzymaj bezp\u0142atny Divi Pixel Layout Pack z ponad 15 pi\u0119knymi uk\u0142adami stron, logo, 45 ikonami w stylu linii i nie tylko! Zbuduj witryn\u0119 swoich marze\u0144 dzi\u0119ki wtyczce Divi Pixel. <\/p>\n","protected":false},"author":2,"featured_media":0,"parent":0,"menu_order":0,"comment_status":"closed","ping_status":"closed","template":"","meta":{"_et_pb_use_builder":"on","_et_pb_old_content":"","_et_gb_content_width":"","footnotes":""},"dipi_cpt_category":[],"class_list":["post-27257639","page","type-page","status-publish","hentry"],"yoast_head":"<!-- This site is optimized with the Yoast SEO plugin v27.4 - https:\/\/yoast.com\/product\/yoast-seo-wordpress\/ -->\n<title>Blog - Red Cachalot<\/title>\n<meta name=\"description\" content=\"Blog o projektowaniu stron z poradami ekspert\u00f3w. WordPress, UX\/UI design, branding, e-commerce. Najnowsze trendy w projektowaniu \u2713\" \/>\n<meta name=\"robots\" content=\"index, follow, max-snippet:-1, max-image-preview:large, max-video-preview:-1\" \/>\n<link rel=\"canonical\" href=\"https:\/\/redcachalot.com\/pl\/blog\/\" \/>\n<meta property=\"og:locale\" content=\"pl_PL\" \/>\n<meta property=\"og:type\" content=\"article\" \/>\n<meta property=\"og:title\" content=\"Blog - Red Cachalot\" \/>\n<meta property=\"og:description\" content=\"Blog o projektowaniu stron z poradami ekspert\u00f3w. WordPress, UX\/UI design, branding, e-commerce. Najnowsze trendy w projektowaniu \u2713\" \/>\n<meta property=\"og:url\" content=\"https:\/\/redcachalot.com\/pl\/blog\/\" \/>\n<meta property=\"og:site_name\" content=\"Red Cachalot\" \/>\n<meta property=\"article:publisher\" content=\"https:\/\/www.facebook.com\/Redcachalot\" \/>\n<meta property=\"article:modified_time\" content=\"2025-07-28T18:47:21+00:00\" \/>\n<meta property=\"og:image\" content=\"https:\/\/redcachalot.com\/wp-content\/uploads\/2019\/12\/Red-Cachalot4.png\" \/>\n\t<meta property=\"og:image:width\" content=\"600\" \/>\n\t<meta property=\"og:image:height\" content=\"289\" \/>\n\t<meta property=\"og:image:type\" content=\"image\/png\" \/>\n<meta name=\"twitter:card\" content=\"summary_large_image\" \/>\n<meta name=\"twitter:label1\" content=\"Szacowany czas czytania\" \/>\n\t<meta name=\"twitter:data1\" content=\"3 minuty\" \/>\n<script type=\"application\/ld+json\" class=\"yoast-schema-graph\">{\"@context\":\"https:\\\/\\\/schema.org\",\"@graph\":[{\"@type\":\"WebPage\",\"@id\":\"https:\\\/\\\/redcachalot.com\\\/pl\\\/blog\\\/\",\"url\":\"https:\\\/\\\/redcachalot.com\\\/pl\\\/blog\\\/\",\"name\":\"Blog - Red Cachalot\",\"isPartOf\":{\"@id\":\"https:\\\/\\\/redcachalot.com\\\/pl\\\/#website\"},\"datePublished\":\"2021-05-04T14:09:14+00:00\",\"dateModified\":\"2025-07-28T18:47:21+00:00\",\"description\":\"Blog o projektowaniu stron z poradami ekspert\u00f3w. WordPress, UX\\\/UI design, branding, e-commerce. Najnowsze trendy w projektowaniu \u2713\",\"breadcrumb\":{\"@id\":\"https:\\\/\\\/redcachalot.com\\\/pl\\\/blog\\\/#breadcrumb\"},\"inLanguage\":\"pl-PL\",\"potentialAction\":[{\"@type\":\"ReadAction\",\"target\":[\"https:\\\/\\\/redcachalot.com\\\/pl\\\/blog\\\/\"]}]},{\"@type\":\"BreadcrumbList\",\"@id\":\"https:\\\/\\\/redcachalot.com\\\/pl\\\/blog\\\/#breadcrumb\",\"itemListElement\":[{\"@type\":\"ListItem\",\"position\":1,\"name\":\"\u0413\u043b\u0430\u0432\u043d\u0430\u044f \u0441\u0442\u0440\u0430\u043d\u0438\u0446\u0430\",\"item\":\"https:\\\/\\\/redcachalot.com\\\/pl\\\/\"},{\"@type\":\"ListItem\",\"position\":2,\"name\":\"Blog\"}]},{\"@type\":\"WebSite\",\"@id\":\"https:\\\/\\\/redcachalot.com\\\/pl\\\/#website\",\"url\":\"https:\\\/\\\/redcachalot.com\\\/pl\\\/\",\"name\":\"Red Cachalot\",\"description\":\"Web design\",\"publisher\":{\"@id\":\"https:\\\/\\\/redcachalot.com\\\/pl\\\/#organization\"},\"alternateName\":\"Web Studio Red Cachalot\",\"potentialAction\":[{\"@type\":\"SearchAction\",\"target\":{\"@type\":\"EntryPoint\",\"urlTemplate\":\"https:\\\/\\\/redcachalot.com\\\/pl\\\/?s={search_term_string}\"},\"query-input\":{\"@type\":\"PropertyValueSpecification\",\"valueRequired\":true,\"valueName\":\"search_term_string\"}}],\"inLanguage\":\"pl-PL\"},{\"@type\":\"Organization\",\"@id\":\"https:\\\/\\\/redcachalot.com\\\/pl\\\/#organization\",\"name\":\"Czerwony Cachalot\",\"alternateName\":\"Web Studio Cachalot\",\"url\":\"https:\\\/\\\/redcachalot.com\\\/pl\\\/\",\"logo\":{\"@type\":\"ImageObject\",\"inLanguage\":\"pl-PL\",\"@id\":\"https:\\\/\\\/redcachalot.com\\\/pl\\\/#\\\/schema\\\/logo\\\/image\\\/\",\"url\":\"https:\\\/\\\/redcachalot.com\\\/wp-content\\\/uploads\\\/2025\\\/07\\\/Logo-RC_new2-1.webp\",\"contentUrl\":\"https:\\\/\\\/redcachalot.com\\\/wp-content\\\/uploads\\\/2025\\\/07\\\/Logo-RC_new2-1.webp\",\"width\":111,\"height\":54,\"caption\":\"Czerwony Cachalot\"},\"image\":{\"@id\":\"https:\\\/\\\/redcachalot.com\\\/pl\\\/#\\\/schema\\\/logo\\\/image\\\/\"},\"sameAs\":[\"https:\\\/\\\/www.facebook.com\\\/Redcachalot\",\"https:\\\/\\\/www.youtube.com\\\/@redcachalot\",\"https:\\\/\\\/www.instagram.com\\\/redcachalot\\\/\",\"https:\\\/\\\/www.linkedin.com\\\/company\\\/redcachalot-web-studio\"]}]}<\/script>\n<!-- \/ Yoast SEO plugin. -->","yoast_head_json":{"title":"Blog - Red Cachalot","description":"Blog o projektowaniu stron z poradami ekspert\u00f3w. WordPress, UX\/UI design, branding, e-commerce. Najnowsze trendy w projektowaniu \u2713","robots":{"index":"index","follow":"follow","max-snippet":"max-snippet:-1","max-image-preview":"max-image-preview:large","max-video-preview":"max-video-preview:-1"},"canonical":"https:\/\/redcachalot.com\/pl\/blog\/","og_locale":"pl_PL","og_type":"article","og_title":"Blog - Red Cachalot","og_description":"Blog o projektowaniu stron z poradami ekspert\u00f3w. WordPress, UX\/UI design, branding, e-commerce. Najnowsze trendy w projektowaniu \u2713","og_url":"https:\/\/redcachalot.com\/pl\/blog\/","og_site_name":"Red Cachalot","article_publisher":"https:\/\/www.facebook.com\/Redcachalot","article_modified_time":"2025-07-28T18:47:21+00:00","og_image":[{"width":600,"height":289,"url":"https:\/\/redcachalot.com\/wp-content\/uploads\/2019\/12\/Red-Cachalot4.png","type":"image\/png"}],"twitter_card":"summary_large_image","twitter_misc":{"Szacowany czas czytania":"3 minuty"},"schema":{"@context":"https:\/\/schema.org","@graph":[{"@type":"WebPage","@id":"https:\/\/redcachalot.com\/pl\/blog\/","url":"https:\/\/redcachalot.com\/pl\/blog\/","name":"Blog - Red Cachalot","isPartOf":{"@id":"https:\/\/redcachalot.com\/pl\/#website"},"datePublished":"2021-05-04T14:09:14+00:00","dateModified":"2025-07-28T18:47:21+00:00","description":"Blog o projektowaniu stron z poradami ekspert\u00f3w. WordPress, UX\/UI design, branding, e-commerce. Najnowsze trendy w projektowaniu \u2713","breadcrumb":{"@id":"https:\/\/redcachalot.com\/pl\/blog\/#breadcrumb"},"inLanguage":"pl-PL","potentialAction":[{"@type":"ReadAction","target":["https:\/\/redcachalot.com\/pl\/blog\/"]}]},{"@type":"BreadcrumbList","@id":"https:\/\/redcachalot.com\/pl\/blog\/#breadcrumb","itemListElement":[{"@type":"ListItem","position":1,"name":"\u0413\u043b\u0430\u0432\u043d\u0430\u044f \u0441\u0442\u0440\u0430\u043d\u0438\u0446\u0430","item":"https:\/\/redcachalot.com\/pl\/"},{"@type":"ListItem","position":2,"name":"Blog"}]},{"@type":"WebSite","@id":"https:\/\/redcachalot.com\/pl\/#website","url":"https:\/\/redcachalot.com\/pl\/","name":"Red Cachalot","description":"Web design","publisher":{"@id":"https:\/\/redcachalot.com\/pl\/#organization"},"alternateName":"Web Studio Red Cachalot","potentialAction":[{"@type":"SearchAction","target":{"@type":"EntryPoint","urlTemplate":"https:\/\/redcachalot.com\/pl\/?s={search_term_string}"},"query-input":{"@type":"PropertyValueSpecification","valueRequired":true,"valueName":"search_term_string"}}],"inLanguage":"pl-PL"},{"@type":"Organization","@id":"https:\/\/redcachalot.com\/pl\/#organization","name":"Czerwony Cachalot","alternateName":"Web Studio Cachalot","url":"https:\/\/redcachalot.com\/pl\/","logo":{"@type":"ImageObject","inLanguage":"pl-PL","@id":"https:\/\/redcachalot.com\/pl\/#\/schema\/logo\/image\/","url":"https:\/\/redcachalot.com\/wp-content\/uploads\/2025\/07\/Logo-RC_new2-1.webp","contentUrl":"https:\/\/redcachalot.com\/wp-content\/uploads\/2025\/07\/Logo-RC_new2-1.webp","width":111,"height":54,"caption":"Czerwony Cachalot"},"image":{"@id":"https:\/\/redcachalot.com\/pl\/#\/schema\/logo\/image\/"},"sameAs":["https:\/\/www.facebook.com\/Redcachalot","https:\/\/www.youtube.com\/@redcachalot","https:\/\/www.instagram.com\/redcachalot\/","https:\/\/www.linkedin.com\/company\/redcachalot-web-studio"]}]}},"_links":{"self":[{"href":"https:\/\/redcachalot.com\/pl\/wp-json\/wp\/v2\/pages\/27257639","targetHints":{"allow":["GET"]}}],"collection":[{"href":"https:\/\/redcachalot.com\/pl\/wp-json\/wp\/v2\/pages"}],"about":[{"href":"https:\/\/redcachalot.com\/pl\/wp-json\/wp\/v2\/types\/page"}],"author":[{"embeddable":true,"href":"https:\/\/redcachalot.com\/pl\/wp-json\/wp\/v2\/users\/2"}],"replies":[{"embeddable":true,"href":"https:\/\/redcachalot.com\/pl\/wp-json\/wp\/v2\/comments?post=27257639"}],"version-history":[{"count":4,"href":"https:\/\/redcachalot.com\/pl\/wp-json\/wp\/v2\/pages\/27257639\/revisions"}],"predecessor-version":[{"id":27258780,"href":"https:\/\/redcachalot.com\/pl\/wp-json\/wp\/v2\/pages\/27257639\/revisions\/27258780"}],"wp:attachment":[{"href":"https:\/\/redcachalot.com\/pl\/wp-json\/wp\/v2\/media?parent=27257639"}],"wp:term":[{"taxonomy":"dipi_cpt_category","embeddable":true,"href":"https:\/\/redcachalot.com\/pl\/wp-json\/wp\/v2\/dipi_cpt_category?post=27257639"}],"curies":[{"name":"wp","href":"https:\/\/api.w.org\/{rel}","templated":true}]}}